{"id":61,"date":"2019-04-07T17:21:37","date_gmt":"2019-04-07T17:21:37","guid":{"rendered":"https:\/\/udelamtito.com\/?page_id=61"},"modified":"2025-08-10T16:42:59","modified_gmt":"2025-08-10T16:42:59","slug":"cenik","status":"publish","type":"page","link":"https:\/\/udelamtito.com\/index.php\/cenik\/","title":{"rendered":"Cen\u00edk"},"content":{"rendered":"\t\t<div data-elementor-type=\"wp-page\" data-elementor-id=\"61\" class=\"elementor elementor-61\">\n\t\t\t\t<div class=\"elementor-element elementor-element-6833134e e-con-full e-flex e-con e-parent\" data-id=\"6833134e\" data-element_type=\"container\" data-e-type=\"container\">\n\t\t\t\t<div class=\"elementor-element elementor-element-a2a98e3 elementor-widget elementor-widget-text-editor\" data-id=\"a2a98e3\" data-element_type=\"widget\" data-e-type=\"widget\" data-widget_type=\"text-editor.default\">\n\t\t\t\t\t\t\t\t\t\n<p id=\"wnd_TextBlock_36001751522472860710_inner_0\" class=\"has-text-align-center\">Ka\u017ed\u00fd domov je jin\u00fd. A ka\u017ed\u00fd z\u00e1kazn\u00edk m\u00e1 sv\u00e9 p\u0159edstavy, mo\u017enosti i priority. Proto u n\u00e1s nenajdete univerz\u00e1ln\u00ed cen\u00edk, kter\u00fd by ignoroval rozd\u00edly mezi malou koupelnou a rozs\u00e1hlou rekonstrukc\u00ed cel\u00e9ho bytu.<\/p>\n\n<p id=\"wnd_TextBlock_36001751522472860710_inner_2\" class=\"has-text-align-center\">M\u00edsto toho V\u00e1m p\u0159iprav\u00edme cen\u00edk na m\u00edru \u2013 p\u0159ehledn\u00fd, srozumiteln\u00fd a f\u00e9rov\u00fd. Sta\u010d\u00ed n\u00e1m p\u00e1r informac\u00ed a spole\u010dn\u011b najdeme \u0159e\u0161en\u00ed, kter\u00e9 bude d\u00e1vat smysl jak V\u00e1m, tak n\u00e1m. V\u011b\u0159\u00edme, \u017ee dobr\u00e1 domluva d\u011bl\u00e1 dobr\u00e9 vztahy\u00a0 a \u017ee f\u00e9rovost a otev\u0159enost jsou z\u00e1klad ka\u017ed\u00e9 dob\u0159e odveden\u00e9 pr\u00e1ce.<\/p>\n<figure class=\"wp-block-pullquote\">\n<blockquote><cite>\u00a0 \u00a0 \u00a0 \u00a0 \u00a0 \u00a0 \u00a0 \u00a0 \u00a0 \u00a0 \u00a0 \u00a0 \u00a0 \u00a0 \u00a0 \u00a0 \u00a0 \u00a0 \u00a0 \u00a0 \u00a0 \u00a0 \u00a0 \u00a0 \u00a0 \u00a0 \u00a0 \u00a0&#8211; UTT<\/cite><\/blockquote>\n<\/figure>\n\n<p class=\"has-text-align-center\">Zn\u00ed v\u00e1m to zaj\u00edmav\u011b? Ozv\u011bte se \u2013 t\u011b\u0161\u00edme se, co spolu vymysl\u00edme.<\/p>\n\n<p>\u00a0<\/p>\n\t\t\t\t\t\t\t\t<\/div>\n\t\t\t\t<\/div>\n\t\t<div class=\"elementor-element elementor-element-8f833ac e-flex e-con-boxed e-con e-parent\" data-id=\"8f833ac\" data-element_type=\"container\" data-e-type=\"container\">\n\t\t\t\t\t<div class=\"e-con-inner\">\n\t\t\t\t<div class=\"elementor-element elementor-element-e9ebff1 obfx-position-top elementor-widget elementor-widget-obfx-services\" data-id=\"e9ebff1\" data-element_type=\"widget\" data-e-type=\"widget\" data-widget_type=\"obfx-services.default\">\n\t\t\t\t<div class=\"elementor-widget-container\">\n\t\t\t\t\t<div class=\"obfx-grid\"><div class=\"obfx-grid-container obfx-grid-desktop-3\">\t\t\t<div class=\"obfx-grid-wrapper\">\n\t\t\t\t\t\t\t\t<div class=\"obfx-service-box obfx-grid-col\">\n\t\t\t\t\t<span class=\"obfx-icon-wrap\"><i class=\"obfx-icon fas fa-money-bill\" aria-hidden=\"true\" style=\"color:#279A3F\"><\/i><\/span>\t\t\t\t\t\t<div class=\"obfx-service-box-content\">\n\t\t\t\t\t\t\t\t\t\t\t\t\t\t\t<h4 class=\"obfx-service-title\">Realita<\/h4>\n\t\t\t\t\t\t\t\t\t\t\t\t\t\t\t\t<p class=\"obfx-service-text\">Plat\u00edte jen za to, co opravdu pot\u0159ebujete<\/p>\n\t\t\t\t\t\t\t\t\t\t\t\t\t<\/div>\n\t\t\t\t\t\t\t\t\t<\/div>\n\t\t\t\t<\/a>\t\t\t<\/div>\n\t\t\t\t\t\t<div class=\"obfx-grid-wrapper\">\n\t\t\t\t\t\t\t\t<div class=\"obfx-service-box obfx-grid-col\">\n\t\t\t\t\t<span class=\"obfx-icon-wrap\"><i class=\"obfx-icon fas fa-ruler-combined\" aria-hidden=\"true\" style=\"color:#383E42\"><\/i><\/span>\t\t\t\t\t\t<div class=\"obfx-service-box-content\">\n\t\t\t\t\t\t\t\t\t\t\t\t\t\t\t<h4 class=\"obfx-service-title\">Vym\u011b\u0159en\u00ed<\/h4>\n\t\t\t\t\t\t\t\t\t\t\t\t\t\t\t\t<p class=\"obfx-service-text\">P\u0159esn\u00e1 cena podle va\u0161eho projektu<\/p>\n\t\t\t\t\t\t\t\t\t\t\t\t\t<\/div>\n\t\t\t\t\t\t\t\t\t<\/div>\n\t\t\t\t<\/a>\t\t\t<\/div>\n\t\t\t\t\t\t<div class=\"obfx-grid-wrapper\">\n\t\t\t\t\t\t\t\t<div class=\"obfx-service-box obfx-grid-col\">\n\t\t\t\t\t<span class=\"obfx-icon-wrap\"><i class=\"obfx-icon fas fa-handshake\" aria-hidden=\"true\" style=\"color:#D0C427\"><\/i><\/span>\t\t\t\t\t\t<div class=\"obfx-service-box-content\">\n\t\t\t\t\t\t\t\t\t\t\t\t\t\t\t<h4 class=\"obfx-service-title\">Spravedlnost<\/h4>\n\t\t\t\t\t\t\t\t\t\t\t\t\t\t\t\t<p class=\"obfx-service-text\">Transparentnost a kontrola rozpo\u010dtu<\/p>\n\t\t\t\t\t\t\t\t\t\t\t\t\t<\/div>\n\t\t\t\t\t\t\t\t\t<\/div>\n\t\t\t\t<\/a>\t\t\t<\/div>\n\t\t\t<\/div><\/div>\t\t\t\t<\/div>\n\t\t\t\t<\/div>\n\t\t\t\t\t<\/div>\n\t\t\t\t<\/div>\n\t\t<div class=\"elementor-element elementor-element-106ce4c e-flex e-con-boxed e-con e-parent\" data-id=\"106ce4c\" data-element_type=\"container\" data-e-type=\"container\">\n\t\t\t\t\t<div class=\"e-con-inner\">\n\t\t\t\t<div class=\"elementor-element elementor-element-edd17e8 elementor-widget elementor-widget-text-editor\" data-id=\"edd17e8\" data-element_type=\"widget\" data-e-type=\"widget\" data-widget_type=\"text-editor.default\">\n\t\t\t\t\t\t\t\t\t<p>Kontaktovat n\u00e1s je Va\u0161e svobodn\u00e1 volba, o\u010dek\u00e1v\u00e1me V\u00e1s<\/p>\t\t\t\t\t\t\t\t<\/div>\n\t\t\t\t<div class=\"elementor-element elementor-element-e2b85d1 elementor-align-center elementor-widget elementor-widget-button\" data-id=\"e2b85d1\" data-element_type=\"widget\" data-e-type=\"widget\" data-widget_type=\"button.default\">\n\t\t\t\t\t\t\t\t\t\t<a class=\"elementor-button elementor-button-link elementor-size-sm\" href=\"https:\/\/udelamtito.com\/index.php\/kontakty\/\">\n\t\t\t\t\t\t<span class=\"elementor-button-content-wrapper\">\n\t\t\t\t\t\t\t\t\t<span class=\"elementor-button-text\">Kontakty<\/span>\n\t\t\t\t\t<\/span>\n\t\t\t\t\t<\/a>\n\t\t\t\t\t\t\t\t<\/div>\n\t\t\t\t\t<\/div>\n\t\t\t\t<\/div>\n\t\t\t\t<\/div>\n\t\t","protected":false},"excerpt":{"rendered":"<p>Ka\u017ed\u00fd domov je jin\u00fd. A ka\u017ed\u00fd z\u00e1kazn\u00edk m\u00e1 sv\u00e9 p\u0159edstavy, mo\u017enosti i priority. Proto u n\u00e1s nenajdete univerz\u00e1ln\u00ed cen\u00edk, kter\u00fd by ignoroval rozd\u00edly mezi malou koupelnou a rozs\u00e1hlou rekonstrukc\u00ed cel\u00e9ho bytu. Zn\u00ed v\u00e1m to zaj\u00edmav\u011b? Ozv\u011bte se \u2013 t\u011b\u0161\u00edme se, co spolu vymysl\u00edme. \u00a0 Realita Plat\u00edte jen za to, co opravdu pot\u0159ebujete Vym\u011b\u0159en\u00ed P\u0159esn\u00e1 cena [&hellip;]<\/p>\n","protected":false},"author":1,"featured_media":0,"parent":0,"menu_order":0,"comment_status":"closed","ping_status":"closed","template":"","meta":{"_uag_custom_page_level_css":"","footnotes":""},"class_list":["post-61","page","type-page","status-publish","hentry"],"yoast_head":"<!-- This site is optimized with the Yoast SEO plugin v27.4 - https:\/\/yoast.com\/product\/yoast-seo-wordpress\/ -->\n<title>Cen\u00edk - UD\u011aL\u00c1M TI TO<\/title>\n<meta name=\"robots\" content=\"index, follow, max-snippet:-1, max-image-preview:large, max-video-preview:-1\" \/>\n<link rel=\"canonical\" href=\"https:\/\/udelamtito.com\/index.php\/cenik\/\" \/>\n<meta property=\"og:locale\" content=\"cs_CZ\" \/>\n<meta property=\"og:type\" content=\"article\" \/>\n<meta property=\"og:title\" content=\"Cen\u00edk - UD\u011aL\u00c1M TI TO\" \/>\n<meta property=\"og:description\" content=\"Ka\u017ed\u00fd domov je jin\u00fd. A ka\u017ed\u00fd z\u00e1kazn\u00edk m\u00e1 sv\u00e9 p\u0159edstavy, mo\u017enosti i priority. Proto u n\u00e1s nenajdete univerz\u00e1ln\u00ed cen\u00edk, kter\u00fd by ignoroval rozd\u00edly mezi malou koupelnou a rozs\u00e1hlou rekonstrukc\u00ed cel\u00e9ho bytu. Zn\u00ed v\u00e1m to zaj\u00edmav\u011b? Ozv\u011bte se \u2013 t\u011b\u0161\u00edme se, co spolu vymysl\u00edme. \u00a0 Realita Plat\u00edte jen za to, co opravdu pot\u0159ebujete Vym\u011b\u0159en\u00ed P\u0159esn\u00e1 cena [&hellip;]\" \/>\n<meta property=\"og:url\" content=\"https:\/\/udelamtito.com\/index.php\/cenik\/\" \/>\n<meta property=\"og:site_name\" content=\"UD\u011aL\u00c1M TI TO\" \/>\n<meta property=\"article:publisher\" content=\"https:\/\/www.facebook.com\/rekonstrukceodadoz?locale=cs_CZ\" \/>\n<meta property=\"article:modified_time\" content=\"2025-08-10T16:42:59+00:00\" \/>\n<meta name=\"twitter:card\" content=\"summary_large_image\" \/>\n<meta name=\"twitter:label1\" content=\"Odhadovan\u00e1 doba \u010dten\u00ed\" \/>\n\t<meta name=\"twitter:data1\" content=\"1 minuta\" \/>\n<script type=\"application\/ld+json\" class=\"yoast-schema-graph\">{\"@context\":\"https:\\\/\\\/schema.org\",\"@graph\":[{\"@type\":\"WebPage\",\"@id\":\"https:\\\/\\\/udelamtito.com\\\/index.php\\\/cenik\\\/\",\"url\":\"https:\\\/\\\/udelamtito.com\\\/index.php\\\/cenik\\\/\",\"name\":\"Cen\u00edk - UD\u011aL\u00c1M TI TO\",\"isPartOf\":{\"@id\":\"https:\\\/\\\/udelamtito.com\\\/#website\"},\"datePublished\":\"2019-04-07T17:21:37+00:00\",\"dateModified\":\"2025-08-10T16:42:59+00:00\",\"breadcrumb\":{\"@id\":\"https:\\\/\\\/udelamtito.com\\\/index.php\\\/cenik\\\/#breadcrumb\"},\"inLanguage\":\"cs\",\"potentialAction\":[{\"@type\":\"ReadAction\",\"target\":[\"https:\\\/\\\/udelamtito.com\\\/index.php\\\/cenik\\\/\"]}]},{\"@type\":\"BreadcrumbList\",\"@id\":\"https:\\\/\\\/udelamtito.com\\\/index.php\\\/cenik\\\/#breadcrumb\",\"itemListElement\":[{\"@type\":\"ListItem\",\"position\":1,\"name\":\"Dom\u016f\",\"item\":\"https:\\\/\\\/udelamtito.com\\\/\"},{\"@type\":\"ListItem\",\"position\":2,\"name\":\"Cen\u00edk\"}]},{\"@type\":\"WebSite\",\"@id\":\"https:\\\/\\\/udelamtito.com\\\/#website\",\"url\":\"https:\\\/\\\/udelamtito.com\\\/\",\"name\":\"UD\u011aL\u00c1M TI TO\",\"description\":\"Stavebn\u00ed pr\u00e1ce\",\"publisher\":{\"@id\":\"https:\\\/\\\/udelamtito.com\\\/#organization\"},\"potentialAction\":[{\"@type\":\"SearchAction\",\"target\":{\"@type\":\"EntryPoint\",\"urlTemplate\":\"https:\\\/\\\/udelamtito.com\\\/?s={search_term_string}\"},\"query-input\":{\"@type\":\"PropertyValueSpecification\",\"valueRequired\":true,\"valueName\":\"search_term_string\"}}],\"inLanguage\":\"cs\"},{\"@type\":\"Organization\",\"@id\":\"https:\\\/\\\/udelamtito.com\\\/#organization\",\"name\":\"UD\u011aL\u00c1M TI TO\",\"url\":\"https:\\\/\\\/udelamtito.com\\\/\",\"logo\":{\"@type\":\"ImageObject\",\"inLanguage\":\"cs\",\"@id\":\"https:\\\/\\\/udelamtito.com\\\/#\\\/schema\\\/logo\\\/image\\\/\",\"url\":\"https:\\\/\\\/udelamtito.com\\\/wp-content\\\/uploads\\\/2025\\\/08\\\/udelam-ti-to-logo-obdelnik-1.svg\",\"contentUrl\":\"https:\\\/\\\/udelamtito.com\\\/wp-content\\\/uploads\\\/2025\\\/08\\\/udelam-ti-to-logo-obdelnik-1.svg\",\"width\":1920,\"height\":1080,\"caption\":\"UD\u011aL\u00c1M TI TO\"},\"image\":{\"@id\":\"https:\\\/\\\/udelamtito.com\\\/#\\\/schema\\\/logo\\\/image\\\/\"},\"sameAs\":[\"https:\\\/\\\/www.facebook.com\\\/rekonstrukceodadoz?locale=cs_CZ\",\"https:\\\/\\\/www.instagram.com\\\/udelamtito\\\/\",\"https:\\\/\\\/www.nejremeslnici.cz\\\/profil\\\/343987-jan-lanyi\",\"https:\\\/\\\/www.tiktok.com\\\/@udelam_ti_to\"]}]}<\/script>\n<!-- \/ Yoast SEO plugin. -->","yoast_head_json":{"title":"Cen\u00edk - UD\u011aL\u00c1M TI TO","robots":{"index":"index","follow":"follow","max-snippet":"max-snippet:-1","max-image-preview":"max-image-preview:large","max-video-preview":"max-video-preview:-1"},"canonical":"https:\/\/udelamtito.com\/index.php\/cenik\/","og_locale":"cs_CZ","og_type":"article","og_title":"Cen\u00edk - UD\u011aL\u00c1M TI TO","og_description":"Ka\u017ed\u00fd domov je jin\u00fd. A ka\u017ed\u00fd z\u00e1kazn\u00edk m\u00e1 sv\u00e9 p\u0159edstavy, mo\u017enosti i priority. Proto u n\u00e1s nenajdete univerz\u00e1ln\u00ed cen\u00edk, kter\u00fd by ignoroval rozd\u00edly mezi malou koupelnou a rozs\u00e1hlou rekonstrukc\u00ed cel\u00e9ho bytu. Zn\u00ed v\u00e1m to zaj\u00edmav\u011b? Ozv\u011bte se \u2013 t\u011b\u0161\u00edme se, co spolu vymysl\u00edme. \u00a0 Realita Plat\u00edte jen za to, co opravdu pot\u0159ebujete Vym\u011b\u0159en\u00ed P\u0159esn\u00e1 cena [&hellip;]","og_url":"https:\/\/udelamtito.com\/index.php\/cenik\/","og_site_name":"UD\u011aL\u00c1M TI TO","article_publisher":"https:\/\/www.facebook.com\/rekonstrukceodadoz?locale=cs_CZ","article_modified_time":"2025-08-10T16:42:59+00:00","twitter_card":"summary_large_image","twitter_misc":{"Odhadovan\u00e1 doba \u010dten\u00ed":"1 minuta"},"schema":{"@context":"https:\/\/schema.org","@graph":[{"@type":"WebPage","@id":"https:\/\/udelamtito.com\/index.php\/cenik\/","url":"https:\/\/udelamtito.com\/index.php\/cenik\/","name":"Cen\u00edk - UD\u011aL\u00c1M TI TO","isPartOf":{"@id":"https:\/\/udelamtito.com\/#website"},"datePublished":"2019-04-07T17:21:37+00:00","dateModified":"2025-08-10T16:42:59+00:00","breadcrumb":{"@id":"https:\/\/udelamtito.com\/index.php\/cenik\/#breadcrumb"},"inLanguage":"cs","potentialAction":[{"@type":"ReadAction","target":["https:\/\/udelamtito.com\/index.php\/cenik\/"]}]},{"@type":"BreadcrumbList","@id":"https:\/\/udelamtito.com\/index.php\/cenik\/#breadcrumb","itemListElement":[{"@type":"ListItem","position":1,"name":"Dom\u016f","item":"https:\/\/udelamtito.com\/"},{"@type":"ListItem","position":2,"name":"Cen\u00edk"}]},{"@type":"WebSite","@id":"https:\/\/udelamtito.com\/#website","url":"https:\/\/udelamtito.com\/","name":"UD\u011aL\u00c1M TI TO","description":"Stavebn\u00ed pr\u00e1ce","publisher":{"@id":"https:\/\/udelamtito.com\/#organization"},"potentialAction":[{"@type":"SearchAction","target":{"@type":"EntryPoint","urlTemplate":"https:\/\/udelamtito.com\/?s={search_term_string}"},"query-input":{"@type":"PropertyValueSpecification","valueRequired":true,"valueName":"search_term_string"}}],"inLanguage":"cs"},{"@type":"Organization","@id":"https:\/\/udelamtito.com\/#organization","name":"UD\u011aL\u00c1M TI TO","url":"https:\/\/udelamtito.com\/","logo":{"@type":"ImageObject","inLanguage":"cs","@id":"https:\/\/udelamtito.com\/#\/schema\/logo\/image\/","url":"https:\/\/udelamtito.com\/wp-content\/uploads\/2025\/08\/udelam-ti-to-logo-obdelnik-1.svg","contentUrl":"https:\/\/udelamtito.com\/wp-content\/uploads\/2025\/08\/udelam-ti-to-logo-obdelnik-1.svg","width":1920,"height":1080,"caption":"UD\u011aL\u00c1M TI TO"},"image":{"@id":"https:\/\/udelamtito.com\/#\/schema\/logo\/image\/"},"sameAs":["https:\/\/www.facebook.com\/rekonstrukceodadoz?locale=cs_CZ","https:\/\/www.instagram.com\/udelamtito\/","https:\/\/www.nejremeslnici.cz\/profil\/343987-jan-lanyi","https:\/\/www.tiktok.com\/@udelam_ti_to"]}]}},"uagb_featured_image_src":{"full":false,"thumbnail":false,"medium":false,"medium_large":false,"large":false,"1536x1536":false,"2048x2048":false},"uagb_author_info":{"display_name":"admin","author_link":"https:\/\/udelamtito.com\/index.php\/author\/wp_admin\/"},"uagb_comment_info":0,"uagb_excerpt":"Ka\u017ed\u00fd domov je jin\u00fd. A ka\u017ed\u00fd z\u00e1kazn\u00edk m\u00e1 sv\u00e9 p\u0159edstavy, mo\u017enosti i priority. Proto u n\u00e1s nenajdete univerz\u00e1ln\u00ed cen\u00edk, kter\u00fd by ignoroval rozd\u00edly mezi malou koupelnou a rozs\u00e1hlou rekonstrukc\u00ed cel\u00e9ho bytu. Zn\u00ed v\u00e1m to zaj\u00edmav\u011b? Ozv\u011bte se \u2013 t\u011b\u0161\u00edme se, co spolu vymysl\u00edme. \u00a0 Realita Plat\u00edte jen za to, co opravdu pot\u0159ebujete Vym\u011b\u0159en\u00ed P\u0159esn\u00e1 cena&hellip;","jetpack_sharing_enabled":true,"_links":{"self":[{"href":"https:\/\/udelamtito.com\/index.php\/wp-json\/wp\/v2\/pages\/61","targetHints":{"allow":["GET"]}}],"collection":[{"href":"https:\/\/udelamtito.com\/index.php\/wp-json\/wp\/v2\/pages"}],"about":[{"href":"https:\/\/udelamtito.com\/index.php\/wp-json\/wp\/v2\/types\/page"}],"author":[{"embeddable":true,"href":"https:\/\/udelamtito.com\/index.php\/wp-json\/wp\/v2\/users\/1"}],"replies":[{"embeddable":true,"href":"https:\/\/udelamtito.com\/index.php\/wp-json\/wp\/v2\/comments?post=61"}],"version-history":[{"count":34,"href":"https:\/\/udelamtito.com\/index.php\/wp-json\/wp\/v2\/pages\/61\/revisions"}],"predecessor-version":[{"id":487,"href":"https:\/\/udelamtito.com\/index.php\/wp-json\/wp\/v2\/pages\/61\/revisions\/487"}],"wp:attachment":[{"href":"https:\/\/udelamtito.com\/index.php\/wp-json\/wp\/v2\/media?parent=61"}],"curies":[{"name":"wp","href":"https:\/\/api.w.org\/{rel}","templated":true}]}}