{"id":57,"date":"2019-04-07T16:57:52","date_gmt":"2019-04-07T16:57:52","guid":{"rendered":"https:\/\/udelamtito.com\/?page_id=57"},"modified":"2025-08-10T15:24:25","modified_gmt":"2025-08-10T15:24:25","slug":"kontakty","status":"publish","type":"page","link":"https:\/\/udelamtito.com\/index.php\/kontakty\/","title":{"rendered":"Kontakty"},"content":{"rendered":"\t\t<div data-elementor-type=\"wp-page\" data-elementor-id=\"57\" class=\"elementor elementor-57\">\n\t\t\t\t<div class=\"elementor-element elementor-element-71ac7c8 e-flex e-con-boxed e-con e-parent\" data-id=\"71ac7c8\" data-element_type=\"container\" data-e-type=\"container\">\n\t\t\t\t\t<div class=\"e-con-inner\">\n\t\t\t\t<div class=\"elementor-element elementor-element-24ab487 elementor-widget elementor-widget-text-editor\" data-id=\"24ab487\" data-element_type=\"widget\" data-e-type=\"widget\" data-widget_type=\"text-editor.default\">\n\t\t\t\t\t\t\t\t\t<p>E-mail: info.udelamtito@gmail.com<\/p><p>Telefon: 725 922 345 &#8211; J\u00e1n L\u00e1nyi<\/p><p>Telefon: 731 692 654 &#8211; Kate\u0159ina Krabsov\u00e1<\/p><p>I\u010c: 14142015<\/p><p>DI\u010c: CZ8557301093<\/p><p><strong>Adresa:<br \/><\/strong>Kalistova 261\/11<br \/>29471 Ben\u00e1tky nad Jizerou<\/p><p>Jsme tu pro V\u00e1s v pracovn\u00edch dnech od 8 do 18 hodin.<\/p><p>P\u0159\u00edpadn\u011b n\u00e1s m\u016f\u017eete kontaktovat prost\u0159ednictv\u00edm formul\u00e1\u0159e uveden\u00e9ho n\u00ed\u017ee.<\/p>\t\t\t\t\t\t\t\t<\/div>\n\t\t\t\t<div class=\"elementor-element elementor-element-ce6e892 elementor-widget elementor-widget-content_form_contact\" data-id=\"ce6e892\" data-element_type=\"widget\" data-e-type=\"widget\" data-widget_type=\"content_form_contact.default\">\n\t\t\t\t<div class=\"elementor-widget-container\">\n\t\t\t\t\t<form action=\"https:\/\/udelamtito.com\/wp-admin\/admin-post.php\" method=\"post\" name=\"content-form-ce6e892\" id=\"content-form-ce6e892\" class=\"ti-cf-module content-form content-form-contact content_form_contact\"><input type=\"hidden\" id=\"_wpnonce_contact\" name=\"_wpnonce_contact\" value=\"a7b9abe6c1\" \/><input type=\"hidden\" name=\"_wp_http_referer\" value=\"\/index.php\/kontakty\/\" \/><input type=\"hidden\" name=\"action\" value=\"content_form_submit\" \/><input type=\"hidden\" name=\"form-type\" value=\"contact\" \/><input type=\"hidden\" name=\"form-builder\" value=\"elementor\" \/><input type=\"hidden\" name=\"post-id\" value=\"57\" \/><input type=\"hidden\" name=\"form-id\" value=\"ce6e892\" \/><fieldset class=&quot;content-form-field-text elementor-column elementor-col-100&quot;><label for=\"data[ce6e892][name]\" >Jm\u00e9no<span class=\"required-mark\"> *<\/span><\/label><input type=\"text\" name=\"data[ce6e892][name]\" id=\"data[ce6e892][name]\" required=required  placeholder=\"\"><\/fieldset><fieldset class=&quot;content-form-field-email elementor-column elementor-col-100&quot;><label for=\"data[ce6e892][email]\" >Email<span class=\"required-mark\"> *<\/span><\/label><input type=\"text\" name=\"data[ce6e892][email]\" id=\"data[ce6e892][email]\" required=required  placeholder=\"\"><\/fieldset><fieldset class=&quot;content-form-field-textarea elementor-column elementor-col-100&quot;><label for=\"data[ce6e892][message]\" >Zpr\u00e1va<span class=\"required-mark\"> *<\/span><\/label><textarea name=\"data[ce6e892][message]\" id=\"data[ce6e892][message]\"  required=required placeholder=\"\" cols=\"30\" rows=\"5\"><\/textarea><\/fieldset><fieldset class=\"submit-form contact\"><button type=\"submit\" name=\"submit\"  value=\"submit-contact-ce6e892\" class=\"\">Odeslat<\/button><\/fieldset><\/form>\t\t\t\t<\/div>\n\t\t\t\t<\/div>\n\t\t\t\t\t<\/div>\n\t\t\t\t<\/div>\n\t\t\t\t<\/div>\n\t\t","protected":false},"excerpt":{"rendered":"<p>E-mail: info.udelamtito@gmail.com Telefon: 725 922 345 &#8211; J\u00e1n L\u00e1nyi Telefon: 731 692 654 &#8211; Kate\u0159ina Krabsov\u00e1 I\u010c: 14142015 DI\u010c: CZ8557301093 Adresa:Kalistova 261\/1129471 Ben\u00e1tky nad Jizerou Jsme tu pro V\u00e1s v pracovn\u00edch dnech od 8 do 18 hodin. P\u0159\u00edpadn\u011b n\u00e1s m\u016f\u017eete kontaktovat prost\u0159ednictv\u00edm formul\u00e1\u0159e uveden\u00e9ho n\u00ed\u017ee. Jm\u00e9no * Email * Zpr\u00e1va * Odeslat<\/p>\n","protected":false},"author":1,"featured_media":0,"parent":0,"menu_order":0,"comment_status":"closed","ping_status":"closed","template":"","meta":{"_uag_custom_page_level_css":"","footnotes":""},"class_list":["post-57","page","type-page","status-publish","hentry"],"yoast_head":"<!-- This site is optimized with the Yoast SEO plugin v27.4 - https:\/\/yoast.com\/product\/yoast-seo-wordpress\/ -->\n<title>Kontakty - UD\u011aL\u00c1M TI TO<\/title>\n<meta name=\"robots\" content=\"index, follow, max-snippet:-1, max-image-preview:large, max-video-preview:-1\" \/>\n<link rel=\"canonical\" href=\"https:\/\/udelamtito.com\/index.php\/kontakty\/\" \/>\n<meta property=\"og:locale\" content=\"cs_CZ\" \/>\n<meta property=\"og:type\" content=\"article\" \/>\n<meta property=\"og:title\" content=\"Kontakty - UD\u011aL\u00c1M TI TO\" \/>\n<meta property=\"og:description\" content=\"E-mail: info.udelamtito@gmail.com Telefon: 725 922 345 &#8211; J\u00e1n L\u00e1nyi Telefon: 731 692 654 &#8211; Kate\u0159ina Krabsov\u00e1 I\u010c: 14142015 DI\u010c: CZ8557301093 Adresa:Kalistova 261\/1129471 Ben\u00e1tky nad Jizerou Jsme tu pro V\u00e1s v pracovn\u00edch dnech od 8 do 18 hodin. P\u0159\u00edpadn\u011b n\u00e1s m\u016f\u017eete kontaktovat prost\u0159ednictv\u00edm formul\u00e1\u0159e uveden\u00e9ho n\u00ed\u017ee. Jm\u00e9no * Email * Zpr\u00e1va * Odeslat\" \/>\n<meta property=\"og:url\" content=\"https:\/\/udelamtito.com\/index.php\/kontakty\/\" \/>\n<meta property=\"og:site_name\" content=\"UD\u011aL\u00c1M TI TO\" \/>\n<meta property=\"article:publisher\" content=\"https:\/\/www.facebook.com\/rekonstrukceodadoz?locale=cs_CZ\" \/>\n<meta property=\"article:modified_time\" content=\"2025-08-10T15:24:25+00:00\" \/>\n<meta name=\"twitter:card\" content=\"summary_large_image\" \/>\n<script type=\"application\/ld+json\" class=\"yoast-schema-graph\">{\"@context\":\"https:\\\/\\\/schema.org\",\"@graph\":[{\"@type\":\"WebPage\",\"@id\":\"https:\\\/\\\/udelamtito.com\\\/index.php\\\/kontakty\\\/\",\"url\":\"https:\\\/\\\/udelamtito.com\\\/index.php\\\/kontakty\\\/\",\"name\":\"Kontakty - UD\u011aL\u00c1M TI TO\",\"isPartOf\":{\"@id\":\"https:\\\/\\\/udelamtito.com\\\/#website\"},\"datePublished\":\"2019-04-07T16:57:52+00:00\",\"dateModified\":\"2025-08-10T15:24:25+00:00\",\"breadcrumb\":{\"@id\":\"https:\\\/\\\/udelamtito.com\\\/index.php\\\/kontakty\\\/#breadcrumb\"},\"inLanguage\":\"cs\",\"potentialAction\":[{\"@type\":\"ReadAction\",\"target\":[\"https:\\\/\\\/udelamtito.com\\\/index.php\\\/kontakty\\\/\"]}]},{\"@type\":\"BreadcrumbList\",\"@id\":\"https:\\\/\\\/udelamtito.com\\\/index.php\\\/kontakty\\\/#breadcrumb\",\"itemListElement\":[{\"@type\":\"ListItem\",\"position\":1,\"name\":\"Dom\u016f\",\"item\":\"https:\\\/\\\/udelamtito.com\\\/\"},{\"@type\":\"ListItem\",\"position\":2,\"name\":\"Kontakty\"}]},{\"@type\":\"WebSite\",\"@id\":\"https:\\\/\\\/udelamtito.com\\\/#website\",\"url\":\"https:\\\/\\\/udelamtito.com\\\/\",\"name\":\"UD\u011aL\u00c1M TI TO\",\"description\":\"Stavebn\u00ed pr\u00e1ce\",\"publisher\":{\"@id\":\"https:\\\/\\\/udelamtito.com\\\/#organization\"},\"potentialAction\":[{\"@type\":\"SearchAction\",\"target\":{\"@type\":\"EntryPoint\",\"urlTemplate\":\"https:\\\/\\\/udelamtito.com\\\/?s={search_term_string}\"},\"query-input\":{\"@type\":\"PropertyValueSpecification\",\"valueRequired\":true,\"valueName\":\"search_term_string\"}}],\"inLanguage\":\"cs\"},{\"@type\":\"Organization\",\"@id\":\"https:\\\/\\\/udelamtito.com\\\/#organization\",\"name\":\"UD\u011aL\u00c1M TI TO\",\"url\":\"https:\\\/\\\/udelamtito.com\\\/\",\"logo\":{\"@type\":\"ImageObject\",\"inLanguage\":\"cs\",\"@id\":\"https:\\\/\\\/udelamtito.com\\\/#\\\/schema\\\/logo\\\/image\\\/\",\"url\":\"https:\\\/\\\/udelamtito.com\\\/wp-content\\\/uploads\\\/2025\\\/08\\\/udelam-ti-to-logo-obdelnik-1.svg\",\"contentUrl\":\"https:\\\/\\\/udelamtito.com\\\/wp-content\\\/uploads\\\/2025\\\/08\\\/udelam-ti-to-logo-obdelnik-1.svg\",\"width\":1920,\"height\":1080,\"caption\":\"UD\u011aL\u00c1M TI TO\"},\"image\":{\"@id\":\"https:\\\/\\\/udelamtito.com\\\/#\\\/schema\\\/logo\\\/image\\\/\"},\"sameAs\":[\"https:\\\/\\\/www.facebook.com\\\/rekonstrukceodadoz?locale=cs_CZ\",\"https:\\\/\\\/www.instagram.com\\\/udelamtito\\\/\",\"https:\\\/\\\/www.nejremeslnici.cz\\\/profil\\\/343987-jan-lanyi\",\"https:\\\/\\\/www.tiktok.com\\\/@udelam_ti_to\"]}]}<\/script>\n<!-- \/ Yoast SEO plugin. -->","yoast_head_json":{"title":"Kontakty - UD\u011aL\u00c1M TI TO","robots":{"index":"index","follow":"follow","max-snippet":"max-snippet:-1","max-image-preview":"max-image-preview:large","max-video-preview":"max-video-preview:-1"},"canonical":"https:\/\/udelamtito.com\/index.php\/kontakty\/","og_locale":"cs_CZ","og_type":"article","og_title":"Kontakty - UD\u011aL\u00c1M TI TO","og_description":"E-mail: info.udelamtito@gmail.com Telefon: 725 922 345 &#8211; J\u00e1n L\u00e1nyi Telefon: 731 692 654 &#8211; Kate\u0159ina Krabsov\u00e1 I\u010c: 14142015 DI\u010c: CZ8557301093 Adresa:Kalistova 261\/1129471 Ben\u00e1tky nad Jizerou Jsme tu pro V\u00e1s v pracovn\u00edch dnech od 8 do 18 hodin. P\u0159\u00edpadn\u011b n\u00e1s m\u016f\u017eete kontaktovat prost\u0159ednictv\u00edm formul\u00e1\u0159e uveden\u00e9ho n\u00ed\u017ee. Jm\u00e9no * Email * Zpr\u00e1va * Odeslat","og_url":"https:\/\/udelamtito.com\/index.php\/kontakty\/","og_site_name":"UD\u011aL\u00c1M TI TO","article_publisher":"https:\/\/www.facebook.com\/rekonstrukceodadoz?locale=cs_CZ","article_modified_time":"2025-08-10T15:24:25+00:00","twitter_card":"summary_large_image","schema":{"@context":"https:\/\/schema.org","@graph":[{"@type":"WebPage","@id":"https:\/\/udelamtito.com\/index.php\/kontakty\/","url":"https:\/\/udelamtito.com\/index.php\/kontakty\/","name":"Kontakty - UD\u011aL\u00c1M TI TO","isPartOf":{"@id":"https:\/\/udelamtito.com\/#website"},"datePublished":"2019-04-07T16:57:52+00:00","dateModified":"2025-08-10T15:24:25+00:00","breadcrumb":{"@id":"https:\/\/udelamtito.com\/index.php\/kontakty\/#breadcrumb"},"inLanguage":"cs","potentialAction":[{"@type":"ReadAction","target":["https:\/\/udelamtito.com\/index.php\/kontakty\/"]}]},{"@type":"BreadcrumbList","@id":"https:\/\/udelamtito.com\/index.php\/kontakty\/#breadcrumb","itemListElement":[{"@type":"ListItem","position":1,"name":"Dom\u016f","item":"https:\/\/udelamtito.com\/"},{"@type":"ListItem","position":2,"name":"Kontakty"}]},{"@type":"WebSite","@id":"https:\/\/udelamtito.com\/#website","url":"https:\/\/udelamtito.com\/","name":"UD\u011aL\u00c1M TI TO","description":"Stavebn\u00ed pr\u00e1ce","publisher":{"@id":"https:\/\/udelamtito.com\/#organization"},"potentialAction":[{"@type":"SearchAction","target":{"@type":"EntryPoint","urlTemplate":"https:\/\/udelamtito.com\/?s={search_term_string}"},"query-input":{"@type":"PropertyValueSpecification","valueRequired":true,"valueName":"search_term_string"}}],"inLanguage":"cs"},{"@type":"Organization","@id":"https:\/\/udelamtito.com\/#organization","name":"UD\u011aL\u00c1M TI TO","url":"https:\/\/udelamtito.com\/","logo":{"@type":"ImageObject","inLanguage":"cs","@id":"https:\/\/udelamtito.com\/#\/schema\/logo\/image\/","url":"https:\/\/udelamtito.com\/wp-content\/uploads\/2025\/08\/udelam-ti-to-logo-obdelnik-1.svg","contentUrl":"https:\/\/udelamtito.com\/wp-content\/uploads\/2025\/08\/udelam-ti-to-logo-obdelnik-1.svg","width":1920,"height":1080,"caption":"UD\u011aL\u00c1M TI TO"},"image":{"@id":"https:\/\/udelamtito.com\/#\/schema\/logo\/image\/"},"sameAs":["https:\/\/www.facebook.com\/rekonstrukceodadoz?locale=cs_CZ","https:\/\/www.instagram.com\/udelamtito\/","https:\/\/www.nejremeslnici.cz\/profil\/343987-jan-lanyi","https:\/\/www.tiktok.com\/@udelam_ti_to"]}]}},"uagb_featured_image_src":{"full":false,"thumbnail":false,"medium":false,"medium_large":false,"large":false,"1536x1536":false,"2048x2048":false},"uagb_author_info":{"display_name":"admin","author_link":"https:\/\/udelamtito.com\/index.php\/author\/wp_admin\/"},"uagb_comment_info":0,"uagb_excerpt":"E-mail: info.udelamtito@gmail.com Telefon: 725 922 345 &#8211; J\u00e1n L\u00e1nyi Telefon: 731 692 654 &#8211; Kate\u0159ina Krabsov\u00e1 I\u010c: 14142015 DI\u010c: CZ8557301093 Adresa:Kalistova 261\/1129471 Ben\u00e1tky nad Jizerou Jsme tu pro V\u00e1s v pracovn\u00edch dnech od 8 do 18 hodin. P\u0159\u00edpadn\u011b n\u00e1s m\u016f\u017eete kontaktovat prost\u0159ednictv\u00edm formul\u00e1\u0159e uveden\u00e9ho n\u00ed\u017ee. Jm\u00e9no * Email * Zpr\u00e1va * Odeslat","jetpack_sharing_enabled":true,"_links":{"self":[{"href":"https:\/\/udelamtito.com\/index.php\/wp-json\/wp\/v2\/pages\/57","targetHints":{"allow":["GET"]}}],"collection":[{"href":"https:\/\/udelamtito.com\/index.php\/wp-json\/wp\/v2\/pages"}],"about":[{"href":"https:\/\/udelamtito.com\/index.php\/wp-json\/wp\/v2\/types\/page"}],"author":[{"embeddable":true,"href":"https:\/\/udelamtito.com\/index.php\/wp-json\/wp\/v2\/users\/1"}],"replies":[{"embeddable":true,"href":"https:\/\/udelamtito.com\/index.php\/wp-json\/wp\/v2\/comments?post=57"}],"version-history":[{"count":20,"href":"https:\/\/udelamtito.com\/index.php\/wp-json\/wp\/v2\/pages\/57\/revisions"}],"predecessor-version":[{"id":468,"href":"https:\/\/udelamtito.com\/index.php\/wp-json\/wp\/v2\/pages\/57\/revisions\/468"}],"wp:attachment":[{"href":"https:\/\/udelamtito.com\/index.php\/wp-json\/wp\/v2\/media?parent=57"}],"curies":[{"name":"wp","href":"https:\/\/api.w.org\/{rel}","templated":true}]}}