{"id":5,"date":"2019-04-07T10:59:41","date_gmt":"2019-04-07T10:59:41","guid":{"rendered":"https:\/\/udelamtito.com\/?page_id=5"},"modified":"2025-08-29T15:11:24","modified_gmt":"2025-08-29T15:11:24","slug":"domu","status":"publish","type":"page","link":"https:\/\/udelamtito.com\/","title":{"rendered":"UTT"},"content":{"rendered":"\t\t<div data-elementor-type=\"wp-page\" data-elementor-id=\"5\" class=\"elementor elementor-5\">\n\t\t\t\t<div class=\"elementor-element elementor-element-371e2986 e-flex e-con-boxed e-con e-parent\" data-id=\"371e2986\" data-element_type=\"container\" data-e-type=\"container\">\n\t\t\t\t\t<div class=\"e-con-inner\">\n\t\t\t\t<div class=\"elementor-element elementor-element-59f8a4b9 elementor-widget elementor-widget-text-editor\" data-id=\"59f8a4b9\" data-element_type=\"widget\" data-e-type=\"widget\" data-widget_type=\"text-editor.default\">\n\t\t\t\t\t\t\t\t\t<div class=\"wp-block-uagb-advanced-heading uagb-block-7a956136\">\n<h2 class=\"uagb-heading-text\">UD\u011aL\u00c1M TI TO<\/h2>\n<\/div>\n<p><!-- \/wp:uagb\/advanced-heading --><!-- wp:paragraph {\"align\":\"center\"} --><\/p>\n<p class=\"has-text-align-center\">\u00a0&#8211; ,,Stav\u00edme Va\u0161e sny&#8220; &#8211;<\/p>\n<div class=\"wp-block-uagb-buttons uagb-buttons__outer-wrap uagb-btn__default-btn uagb-btn-tablet__default-btn uagb-btn-mobile__default-btn uagb-block-a038118c\">\n<div class=\"uagb-buttons__wrap uagb-buttons-layout-wrap \">\n<div class=\"wp-block-uagb-buttons-child uagb-buttons__outer-wrap uagb-block-00c95465 wp-block-button\">\n<div class=\"uagb-button__wrapper\">\n<div class=\"uagb-button__link\">\u00a0<\/div>\n<div class=\"uagb-button__link\">\u00a0<\/div>\n<div class=\"uagb-button__link\">\u00a0<\/div>\n<div class=\"uagb-button__link\">\u00a0<\/div>\n<div class=\"uagb-button__link\">\u00a0<\/div>\n<\/div>\n<\/div>\n<\/div>\n<\/div>\n<p><!-- \/wp:uagb\/container --><!-- wp:group {\"layout\":{\"type\":\"constrained\"}} --><\/p>\n<div class=\"wp-block-group\">\n<p><!-- wp:paragraph --><\/p>\n<p><!-- \/wp:paragraph --><\/p>\n<\/div>\n<p><!-- \/wp:group --><!-- wp:paragraph --><\/p>\n<p><!-- \/wp:paragraph --><\/p>\t\t\t\t\t\t\t\t<\/div>\n\t\t\t\t<div class=\"elementor-element elementor-element-f353791 elementor-widget elementor-widget-text-editor\" data-id=\"f353791\" data-element_type=\"widget\" data-e-type=\"widget\" data-widget_type=\"text-editor.default\">\n\t\t\t\t\t\t\t\t\t<p>Rekonstrukce\u00a0 \u00a0 \u00a0Novostavby\u00a0 \u00a0 \u00a0 \u00a0 Poradenstv\u00ed\u00a0 \u00a0 \u00a0 \u00a0 Konzultace\u00a0 \u00a0 \u00a0 Spolupr\u00e1ce<\/p>\t\t\t\t\t\t\t\t<\/div>\n\t\t\t\t\t<\/div>\n\t\t\t\t<\/div>\n\t\t<div class=\"elementor-element elementor-element-06186b2 e-flex e-con-boxed e-con e-parent\" data-id=\"06186b2\" data-element_type=\"container\" data-e-type=\"container\">\n\t\t\t\t\t<div class=\"e-con-inner\">\n\t\t\t\t<div class=\"elementor-element elementor-element-8e53564 elementor-widget elementor-widget-heading\" data-id=\"8e53564\" data-element_type=\"widget\" data-e-type=\"widget\" data-widget_type=\"heading.default\">\n\t\t\t\t\t<h2 class=\"elementor-heading-title elementor-size-default\">Soci\u00e1ln\u00ed s\u00edt\u011b<\/h2>\t\t\t\t<\/div>\n\t\t\t\t\t<\/div>\n\t\t\t\t<\/div>\n\t\t<div class=\"elementor-element elementor-element-1973b50 e-flex e-con-boxed e-con e-parent\" data-id=\"1973b50\" data-element_type=\"container\" data-e-type=\"container\">\n\t\t\t\t\t<div class=\"e-con-inner\">\n\t\t\t\t<div class=\"elementor-element elementor-element-94fcee2 elementor-shape-rounded elementor-grid-0 e-grid-align-center elementor-widget elementor-widget-social-icons\" data-id=\"94fcee2\" data-element_type=\"widget\" data-e-type=\"widget\" data-widget_type=\"social-icons.default\">\n\t\t\t\t\t\t\t<div class=\"elementor-social-icons-wrapper elementor-grid\" role=\"list\">\n\t\t\t\t\t\t\t<span class=\"elementor-grid-item\" role=\"listitem\">\n\t\t\t\t\t<a class=\"elementor-icon elementor-social-icon elementor-social-icon-facebook elementor-repeater-item-e997dcc\" href=\"https:\/\/www.facebook.com\/rekonstrukceodadoz\" target=\"_blank\">\n\t\t\t\t\t\t<span class=\"elementor-screen-only\">Facebook<\/span>\n\t\t\t\t\t\t<svg aria-hidden=\"true\" class=\"e-font-icon-svg e-fab-facebook\" viewBox=\"0 0 512 512\" xmlns=\"http:\/\/www.w3.org\/2000\/svg\"><path d=\"M504 256C504 119 393 8 256 8S8 119 8 256c0 123.78 90.69 226.38 209.25 245V327.69h-63V256h63v-54.64c0-62.15 37-96.48 93.67-96.48 27.14 0 55.52 4.84 55.52 4.84v61h-31.28c-30.8 0-40.41 19.12-40.41 38.73V256h68.78l-11 71.69h-57.78V501C413.31 482.38 504 379.78 504 256z\"><\/path><\/svg>\t\t\t\t\t<\/a>\n\t\t\t\t<\/span>\n\t\t\t\t\t\t\t<span class=\"elementor-grid-item\" role=\"listitem\">\n\t\t\t\t\t<a class=\"elementor-icon elementor-social-icon elementor-social-icon-instagram elementor-repeater-item-4728fe7\" href=\"https:\/\/www.instagram.com\/udelamtito\/\" target=\"_blank\">\n\t\t\t\t\t\t<span class=\"elementor-screen-only\">Instagram<\/span>\n\t\t\t\t\t\t<svg aria-hidden=\"true\" class=\"e-font-icon-svg e-fab-instagram\" viewBox=\"0 0 448 512\" xmlns=\"http:\/\/www.w3.org\/2000\/svg\"><path d=\"M224.1 141c-63.6 0-114.9 51.3-114.9 114.9s51.3 114.9 114.9 114.9S339 319.5 339 255.9 287.7 141 224.1 141zm0 189.6c-41.1 0-74.7-33.5-74.7-74.7s33.5-74.7 74.7-74.7 74.7 33.5 74.7 74.7-33.6 74.7-74.7 74.7zm146.4-194.3c0 14.9-12 26.8-26.8 26.8-14.9 0-26.8-12-26.8-26.8s12-26.8 26.8-26.8 26.8 12 26.8 26.8zm76.1 27.2c-1.7-35.9-9.9-67.7-36.2-93.9-26.2-26.2-58-34.4-93.9-36.2-37-2.1-147.9-2.1-184.9 0-35.8 1.7-67.6 9.9-93.9 36.1s-34.4 58-36.2 93.9c-2.1 37-2.1 147.9 0 184.9 1.7 35.9 9.9 67.7 36.2 93.9s58 34.4 93.9 36.2c37 2.1 147.9 2.1 184.9 0 35.9-1.7 67.7-9.9 93.9-36.2 26.2-26.2 34.4-58 36.2-93.9 2.1-37 2.1-147.8 0-184.8zM398.8 388c-7.8 19.6-22.9 34.7-42.6 42.6-29.5 11.7-99.5 9-132.1 9s-102.7 2.6-132.1-9c-19.6-7.8-34.7-22.9-42.6-42.6-11.7-29.5-9-99.5-9-132.1s-2.6-102.7 9-132.1c7.8-19.6 22.9-34.7 42.6-42.6 29.5-11.7 99.5-9 132.1-9s102.7-2.6 132.1 9c19.6 7.8 34.7 22.9 42.6 42.6 11.7 29.5 9 99.5 9 132.1s2.7 102.7-9 132.1z\"><\/path><\/svg>\t\t\t\t\t<\/a>\n\t\t\t\t<\/span>\n\t\t\t\t\t\t\t<span class=\"elementor-grid-item\" role=\"listitem\">\n\t\t\t\t\t<a class=\"elementor-icon elementor-social-icon elementor-social-icon-tiktok elementor-repeater-item-157ed75\" href=\"https:\/\/www.tiktok.com\/@udelam_ti_to\" target=\"_blank\">\n\t\t\t\t\t\t<span class=\"elementor-screen-only\">Tiktok<\/span>\n\t\t\t\t\t\t<svg aria-hidden=\"true\" class=\"e-font-icon-svg e-fab-tiktok\" viewBox=\"0 0 448 512\" xmlns=\"http:\/\/www.w3.org\/2000\/svg\"><path d=\"M448,209.91a210.06,210.06,0,0,1-122.77-39.25V349.38A162.55,162.55,0,1,1,185,188.31V278.2a74.62,74.62,0,1,0,52.23,71.18V0l88,0a121.18,121.18,0,0,0,1.86,22.17h0A122.18,122.18,0,0,0,381,102.39a121.43,121.43,0,0,0,67,20.14Z\"><\/path><\/svg>\t\t\t\t\t<\/a>\n\t\t\t\t<\/span>\n\t\t\t\t\t\t\t<span class=\"elementor-grid-item\" role=\"listitem\">\n\t\t\t\t\t<a class=\"elementor-icon elementor-social-icon elementor-social-icon-star elementor-repeater-item-c766a43\" href=\"https:\/\/www.google.com\/search?sca_esv=2bfcaaea2384c7b9&#038;rlz=1C5CHFA_enCZ1142CZ1144&#038;sxsrf=AE3TifMMAuVo9qq3gAA5IqcVdLjy8boAYQ:1754995304512&#038;si=AMgyJEtREmoPL4P1I5IDCfuA8gybfVI2d5Uj7QMwYCZHKDZ-E919Eqll-SKJo4BjWR5W72A-xMyGsIY0cWzp9l028e-zKLkk030Oxed5Z2x4ZvYfu-wgRtOnPweUFL75XWByiD1hfeYACJIEHYnIDAgG4nUWJoVLOu98Wshs8DFvYEqrRbNyPi4%3D&#038;q=Kate%C5%99ina+Krabsov%C3%A1+-ud%C4%9Bl%C3%A1m+Ti+to+Recenze&#038;sa=X&#038;ved=2ahUKEwiQ29T9ioWPAxUcVfEDHYZWGagQ0bkNegQIIRAE&#038;biw=1440&#038;bih=812&#038;dpr=2\" target=\"_blank\">\n\t\t\t\t\t\t<span class=\"elementor-screen-only\">Star<\/span>\n\t\t\t\t\t\t<svg aria-hidden=\"true\" class=\"e-font-icon-svg e-far-star\" viewBox=\"0 0 576 512\" xmlns=\"http:\/\/www.w3.org\/2000\/svg\"><path d=\"M528.1 171.5L382 150.2 316.7 17.8c-11.7-23.6-45.6-23.9-57.4 0L194 150.2 47.9 171.5c-26.2 3.8-36.7 36.1-17.7 54.6l105.7 103-25 145.5c-4.5 26.3 23.2 46 46.4 33.7L288 439.6l130.7 68.7c23.2 12.2 50.9-7.4 46.4-33.7l-25-145.5 105.7-103c19-18.5 8.5-50.8-17.7-54.6zM388.6 312.3l23.7 138.4L288 385.4l-124.3 65.3 23.7-138.4-100.6-98 139-20.2 62.2-126 62.2 126 139 20.2-100.6 98z\"><\/path><\/svg>\t\t\t\t\t<\/a>\n\t\t\t\t<\/span>\n\t\t\t\t\t\t\t<span class=\"elementor-grid-item\" role=\"listitem\">\n\t\t\t\t\t<a class=\"elementor-icon elementor-social-icon elementor-social-icon-hammer elementor-repeater-item-e3adab7\" href=\"https:\/\/www.nejremeslnici.cz\/profil\/343987-jan-lanyi\" target=\"_blank\">\n\t\t\t\t\t\t<span class=\"elementor-screen-only\">Hammer<\/span>\n\t\t\t\t\t\t<svg aria-hidden=\"true\" class=\"e-font-icon-svg e-fas-hammer\" viewBox=\"0 0 576 512\" xmlns=\"http:\/\/www.w3.org\/2000\/svg\"><path d=\"M571.31 193.94l-22.63-22.63c-6.25-6.25-16.38-6.25-22.63 0l-11.31 11.31-28.9-28.9c5.63-21.31.36-44.9-16.35-61.61l-45.25-45.25c-62.48-62.48-163.79-62.48-226.28 0l90.51 45.25v18.75c0 16.97 6.74 33.25 18.75 45.25l49.14 49.14c16.71 16.71 40.3 21.98 61.61 16.35l28.9 28.9-11.31 11.31c-6.25 6.25-6.25 16.38 0 22.63l22.63 22.63c6.25 6.25 16.38 6.25 22.63 0l90.51-90.51c6.23-6.24 6.23-16.37-.02-22.62zm-286.72-15.2c-3.7-3.7-6.84-7.79-9.85-11.95L19.64 404.96c-25.57 23.88-26.26 64.19-1.53 88.93s65.05 24.05 88.93-1.53l238.13-255.07c-3.96-2.91-7.9-5.87-11.44-9.41l-49.14-49.14z\"><\/path><\/svg>\t\t\t\t\t<\/a>\n\t\t\t\t<\/span>\n\t\t\t\t\t<\/div>\n\t\t\t\t\t\t<\/div>\n\t\t\t\t\t<\/div>\n\t\t\t\t<\/div>\n\t\t<div class=\"elementor-element elementor-element-38d7c80 e-flex e-con-boxed e-con e-parent\" data-id=\"38d7c80\" data-element_type=\"container\" data-e-type=\"container\">\n\t\t\t\t\t<div class=\"e-con-inner\">\n\t\t\t\t<div class=\"elementor-element elementor-element-14bf0ac elementor-widget elementor-widget-text-editor\" data-id=\"14bf0ac\" data-element_type=\"widget\" data-e-type=\"widget\" data-widget_type=\"text-editor.default\">\n\t\t\t\t\t\t\t\t\t<p data-start=\"238\" data-end=\"748\">,,Jsme rodinn\u00e1 stavebn\u00ed firma, kter\u00e1 stav\u00ed na d\u016fv\u011b\u0159e a profesionalit\u011b. Na\u0161i z\u00e1kazn\u00edci si u n\u00e1s cen\u00ed nejen kvalitn\u00ed pr\u00e1ce, ale i toho, \u017ee jsme jim partnerem od za\u010d\u00e1tku a\u017e do konce. Pom\u016f\u017eeme s v\u00fdb\u011brem materi\u00e1l\u016f, porad\u00edme s \u0159e\u0161en\u00edm stavby a dohl\u00e9dneme na ka\u017ed\u00fd detail, aby v\u0161e prob\u011bhlo bez starost\u00ed. A\u0165 u\u017e se rozhodnete stav\u011bt sv\u00e9pomoc\u00ed a pot\u0159ebujete odborn\u00e9 veden\u00ed, nebo hled\u00e1te kompletn\u00ed realizaci s osobn\u00edm p\u0159\u00edstupem, jsme tu pro v\u00e1s. Ka\u017ed\u00fd projekt bereme osobn\u011b, proto\u017ee za na\u0161\u00edm jm\u00e9nem stoj\u00ed rodinn\u00e9 hodnoty: f\u00e9rovost, spolehlivost a poctiv\u011b odveden\u00e1 pr\u00e1ce. S n\u00e1mi m\u00e1te jistotu, \u017ee va\u0161e investice m\u00e1 pevn\u00e9 z\u00e1klady \u2013 od prvn\u00edho n\u00e1vrhu a\u017e po dokon\u010denou stavbu.&#8220;<\/p>\n<p data-start=\"1175\" data-end=\"1447\">&#8222;Na\u0161e cesta&#8220;<\/p>\t\t\t\t\t\t\t\t<\/div>\n\t\t\t\t\t<\/div>\n\t\t\t\t<\/div>\n\t\t<div class=\"elementor-element elementor-element-7ee413d e-con-full e-flex e-con e-parent\" data-id=\"7ee413d\" data-element_type=\"container\" data-e-type=\"container\" data-settings=\"{&quot;background_background&quot;:&quot;classic&quot;}\">\n\t\t\t\t<div class=\"elementor-element elementor-element-c80c263 elementor-widget elementor-widget-text-editor\" data-id=\"c80c263\" data-element_type=\"widget\" data-e-type=\"widget\" data-widget_type=\"text-editor.default\">\n\t\t\t\t\t\t\t\t\t<h5>\u00a0 7 let zku\u0161enost\u00ed\u00a0 \u00a0 \u00a0 \u00a0 \u00a0 \u00a0 \u00a0 \u00a0 \u00a0 \u00a0100+ \u00fasp\u011b\u0161n\u00fdch zak\u00e1zek\u00a0 \u00a0 \u00a0 \u00a0 \u00a0 \u00a0 \u00a0 \u00a0 \u00a0 \u00a0 \u00a0100%Spokojenost\u00a0\u00a0<\/h5>\t\t\t\t\t\t\t\t<\/div>\n\t\t\t\t<\/div>\n\t\t<div class=\"elementor-element elementor-element-9e1ae8d e-flex e-con-boxed e-con e-parent\" data-id=\"9e1ae8d\" data-element_type=\"container\" data-e-type=\"container\">\n\t\t\t\t\t<div class=\"e-con-inner\">\n\t\t\t\t<div class=\"elementor-element elementor-element-9cf95ae elementor-align-center elementor-widget elementor-widget-button\" data-id=\"9cf95ae\" data-element_type=\"widget\" data-e-type=\"widget\" data-widget_type=\"button.default\">\n\t\t\t\t\t\t\t\t\t\t<a class=\"elementor-button elementor-button-link elementor-size-sm\" href=\"https:\/\/udelamtito.com\/index.php\/o-nas\/\">\n\t\t\t\t\t\t<span class=\"elementor-button-content-wrapper\">\n\t\t\t\t\t\t\t\t\t<span class=\"elementor-button-text\">Slu\u017eby<\/span>\n\t\t\t\t\t<\/span>\n\t\t\t\t\t<\/a>\n\t\t\t\t\t\t\t\t<\/div>\n\t\t\t\t<div class=\"elementor-element elementor-element-b2c5c13 elementor-widget elementor-widget-text-editor\" data-id=\"b2c5c13\" data-element_type=\"widget\" data-e-type=\"widget\" data-widget_type=\"text-editor.default\">\n\t\t\t\t\t\t\t\t\t<p>Chcete si p\u0159e\u010d\u00edst p\u00e1r fakt\u016f o \u0159emeslnictv\u00ed v \u010cesk\u00e9 republice?<\/p>\t\t\t\t\t\t\t\t<\/div>\n\t\t\t\t<div class=\"elementor-element elementor-element-7bd1289 elementor-align-center elementor-widget elementor-widget-button\" data-id=\"7bd1289\" data-element_type=\"widget\" data-e-type=\"widget\" data-widget_type=\"button.default\">\n\t\t\t\t\t\t\t\t\t\t<a class=\"elementor-button elementor-button-link elementor-size-sm\" href=\"https:\/\/udelamtito.com\/index.php\/fakta\/\">\n\t\t\t\t\t\t<span class=\"elementor-button-content-wrapper\">\n\t\t\t\t\t\t\t\t\t<span class=\"elementor-button-text\">Ano<\/span>\n\t\t\t\t\t<\/span>\n\t\t\t\t\t<\/a>\n\t\t\t\t\t\t\t\t<\/div>\n\t\t\t\t\t<\/div>\n\t\t\t\t<\/div>\n\t\t<div class=\"elementor-element elementor-element-51f0522 e-flex e-con-boxed e-con e-parent\" data-id=\"51f0522\" data-element_type=\"container\" data-e-type=\"container\">\n\t\t\t\t\t<div class=\"e-con-inner\">\n\t\t\t\t<div class=\"elementor-element elementor-element-d3eb953 elementor-widget elementor-widget-testimonial\" data-id=\"d3eb953\" data-element_type=\"widget\" data-e-type=\"widget\" data-widget_type=\"testimonial.default\">\n\t\t\t\t\t\t\t<div class=\"elementor-testimonial-wrapper\">\n\t\t\t\t\t\t\t<div class=\"elementor-testimonial-content\">,,S firmou a panem L\u00e1nyim jsem spolupracoval ji\u017e na dvou zak\u00e1zk\u00e1ch. V\u0161e bych mohl hodnotit jen v superlativech. A\u0165 u\u017e se jedn\u00e1 o jedn\u00e1n\u00ed s klientem, dodr\u017eov\u00e1n\u00ed term\u00edn\u016f a hlavn\u011b v\u00fdkon samotn\u00e9 pr\u00e1ce, kter\u00e1 v obou p\u0159\u00edpadech (realizace p\u016fdn\u00ed podlahy a oken) byla naprosto precizn\u00ed. Ve\u0161ker\u00fd pracovn\u00ed postup byl v\u017edy naprosto srozumiteln\u011b vysv\u011btlen a dodr\u017een. Ob\u011b zak\u00e1zky byly nav\u00edc dokon\u010deny d\u0159\u00edve, ne\u017e bylo dohodnuto. Lze vyzdvihnout i v\u00fdbornou komunikaci s pan\u00ed Krabsovou. S firmou budu s radost\u00ed spolupracovat i v budoucnu.\"<\/div>\n\t\t\t\n\t\t\t\t\t\t<div class=\"elementor-testimonial-meta\">\n\t\t\t\t<div class=\"elementor-testimonial-meta-inner\">\n\t\t\t\t\t\n\t\t\t\t\t\t\t\t\t\t<div class=\"elementor-testimonial-details\">\n\t\t\t\t\t\t\t\t\t\t\t\t\t\t<div class=\"elementor-testimonial-name\">Pan Radim F.<\/div>\n\t\t\t\t\t\t\t\t\t\t\t\t\t\t\t\t\t\t\t<\/div>\n\t\t\t\t\t\t\t\t\t<\/div>\n\t\t\t<\/div>\n\t\t\t\t\t<\/div>\n\t\t\t\t\t\t<\/div>\n\t\t\t\t\t<\/div>\n\t\t\t\t<\/div>\n\t\t<div class=\"elementor-element elementor-element-3bbf201 e-flex e-con-boxed e-con e-parent\" data-id=\"3bbf201\" data-element_type=\"container\" data-e-type=\"container\">\n\t\t\t\t\t<div class=\"e-con-inner\">\n\t\t\t\t<div class=\"elementor-element elementor-element-0ae9ad1 elementor-widget elementor-widget-testimonial\" data-id=\"0ae9ad1\" data-element_type=\"widget\" data-e-type=\"widget\" data-widget_type=\"testimonial.default\">\n\t\t\t\t\t\t\t<div class=\"elementor-testimonial-wrapper\">\n\t\t\t\t\t\t\t<div class=\"elementor-testimonial-content\">,,S touto firmou jsem realizovala n\u011bkolik stavebn\u00edch zak\u00e1zek - \u00faprava parkovac\u00ed plochy, rekonstrukce koupelny, rekonstrukce terasy. Nev\u00e1h\u00e1m ani na minutu, kdy\u017e m\u00e1m n\u011bkomu firmu doporu\u010dit. Lidsk\u00fd a z\u00e1rove\u0148 profesion\u00e1ln\u00ed p\u0159\u00edstup, snaha splnit v\u0161echny po\u017eadavky a precizn\u00ed proveden\u00ed. A proto\u017ee i zde pracuj\u00ed jenom lidi, kdy\u017e se vloudila chybi\u010dka, byla bez probl\u00e9m\u016f provedena oprava k oboustrann\u00e9 spokojenosti. Motto firmy : \"stav\u00edme Va\u0161e sny\" - vystihuje koncept, kter\u00e9ho se lid\u00e9 ve firm\u011b \"Ud\u011bl\u00e1m ti to\" dr\u017e\u00ed. P\u0159eji plno spokojen\u00fdch z\u00e1kazn\u00edk\u016f.\"<\/div>\n\t\t\t\n\t\t\t\t\t\t<div class=\"elementor-testimonial-meta\">\n\t\t\t\t<div class=\"elementor-testimonial-meta-inner\">\n\t\t\t\t\t\n\t\t\t\t\t\t\t\t\t\t<div class=\"elementor-testimonial-details\">\n\t\t\t\t\t\t\t\t\t\t\t\t\t\t<div class=\"elementor-testimonial-name\">Pan\u00ed Alena S.<\/div>\n\t\t\t\t\t\t\t\t\t\t\t\t\t\t\t\t\t\t\t<\/div>\n\t\t\t\t\t\t\t\t\t<\/div>\n\t\t\t<\/div>\n\t\t\t\t\t<\/div>\n\t\t\t\t\t\t<\/div>\n\t\t\t\t\t<\/div>\n\t\t\t\t<\/div>\n\t\t\t\t<\/div>\n\t\t","protected":false},"excerpt":{"rendered":"<p>UD\u011aL\u00c1M TI TO \u00a0&#8211; ,,Stav\u00edme Va\u0161e sny&#8220; &#8211; \u00a0 \u00a0 \u00a0 \u00a0 \u00a0 Rekonstrukce\u00a0 \u00a0 \u00a0Novostavby\u00a0 \u00a0 \u00a0 \u00a0 Poradenstv\u00ed\u00a0 \u00a0 \u00a0 \u00a0 Konzultace\u00a0 \u00a0 \u00a0 Spolupr\u00e1ce Soci\u00e1ln\u00ed s\u00edt\u011b Facebook Instagram Tiktok Star Hammer ,,Jsme rodinn\u00e1 stavebn\u00ed firma, kter\u00e1 stav\u00ed na d\u016fv\u011b\u0159e a profesionalit\u011b. Na\u0161i z\u00e1kazn\u00edci si u n\u00e1s cen\u00ed nejen kvalitn\u00ed pr\u00e1ce, ale i [&hellip;]<\/p>\n","protected":false},"author":1,"featured_media":0,"parent":0,"menu_order":0,"comment_status":"closed","ping_status":"closed","template":"","meta":{"_uag_custom_page_level_css":"","footnotes":""},"class_list":["post-5","page","type-page","status-publish","hentry"],"yoast_head":"<!-- This site is optimized with the Yoast SEO plugin v27.4 - https:\/\/yoast.com\/product\/yoast-seo-wordpress\/ -->\n<title>UTT - UD\u011aL\u00c1M TI TO<\/title>\n<meta name=\"robots\" content=\"index, follow, max-snippet:-1, max-image-preview:large, max-video-preview:-1\" \/>\n<link rel=\"canonical\" href=\"https:\/\/udelamtito.com\/\" \/>\n<meta property=\"og:locale\" content=\"cs_CZ\" \/>\n<meta property=\"og:type\" content=\"article\" \/>\n<meta property=\"og:title\" content=\"UTT - UD\u011aL\u00c1M TI TO\" \/>\n<meta property=\"og:description\" content=\"UD\u011aL\u00c1M TI TO \u00a0&#8211; ,,Stav\u00edme Va\u0161e sny&#8220; &#8211; \u00a0 \u00a0 \u00a0 \u00a0 \u00a0 Rekonstrukce\u00a0 \u00a0 \u00a0Novostavby\u00a0 \u00a0 \u00a0 \u00a0 Poradenstv\u00ed\u00a0 \u00a0 \u00a0 \u00a0 Konzultace\u00a0 \u00a0 \u00a0 Spolupr\u00e1ce Soci\u00e1ln\u00ed s\u00edt\u011b Facebook Instagram Tiktok Star Hammer ,,Jsme rodinn\u00e1 stavebn\u00ed firma, kter\u00e1 stav\u00ed na d\u016fv\u011b\u0159e a profesionalit\u011b. Na\u0161i z\u00e1kazn\u00edci si u n\u00e1s cen\u00ed nejen kvalitn\u00ed pr\u00e1ce, ale i [&hellip;]\" \/>\n<meta property=\"og:url\" content=\"https:\/\/udelamtito.com\/\" \/>\n<meta property=\"og:site_name\" content=\"UD\u011aL\u00c1M TI TO\" \/>\n<meta property=\"article:publisher\" content=\"https:\/\/www.facebook.com\/rekonstrukceodadoz?locale=cs_CZ\" \/>\n<meta property=\"article:modified_time\" content=\"2025-08-29T15:11:24+00:00\" \/>\n<meta name=\"twitter:card\" content=\"summary_large_image\" \/>\n<meta name=\"twitter:label1\" content=\"Odhadovan\u00e1 doba \u010dten\u00ed\" \/>\n\t<meta name=\"twitter:data1\" content=\"2 minuty\" \/>\n<script type=\"application\/ld+json\" class=\"yoast-schema-graph\">{\"@context\":\"https:\\\/\\\/schema.org\",\"@graph\":[{\"@type\":\"WebPage\",\"@id\":\"https:\\\/\\\/udelamtito.com\\\/\",\"url\":\"https:\\\/\\\/udelamtito.com\\\/\",\"name\":\"UTT - UD\u011aL\u00c1M TI TO\",\"isPartOf\":{\"@id\":\"https:\\\/\\\/udelamtito.com\\\/#website\"},\"datePublished\":\"2019-04-07T10:59:41+00:00\",\"dateModified\":\"2025-08-29T15:11:24+00:00\",\"breadcrumb\":{\"@id\":\"https:\\\/\\\/udelamtito.com\\\/#breadcrumb\"},\"inLanguage\":\"cs\",\"potentialAction\":[{\"@type\":\"ReadAction\",\"target\":[\"https:\\\/\\\/udelamtito.com\\\/\"]}]},{\"@type\":\"BreadcrumbList\",\"@id\":\"https:\\\/\\\/udelamtito.com\\\/#breadcrumb\",\"itemListElement\":[{\"@type\":\"ListItem\",\"position\":1,\"name\":\"Dom\u016f\",\"item\":\"https:\\\/\\\/udelamtito.com\\\/\"},{\"@type\":\"ListItem\",\"position\":2,\"name\":\"UTT\"}]},{\"@type\":\"WebSite\",\"@id\":\"https:\\\/\\\/udelamtito.com\\\/#website\",\"url\":\"https:\\\/\\\/udelamtito.com\\\/\",\"name\":\"UD\u011aL\u00c1M TI TO\",\"description\":\"Stavebn\u00ed pr\u00e1ce\",\"publisher\":{\"@id\":\"https:\\\/\\\/udelamtito.com\\\/#organization\"},\"potentialAction\":[{\"@type\":\"SearchAction\",\"target\":{\"@type\":\"EntryPoint\",\"urlTemplate\":\"https:\\\/\\\/udelamtito.com\\\/?s={search_term_string}\"},\"query-input\":{\"@type\":\"PropertyValueSpecification\",\"valueRequired\":true,\"valueName\":\"search_term_string\"}}],\"inLanguage\":\"cs\"},{\"@type\":\"Organization\",\"@id\":\"https:\\\/\\\/udelamtito.com\\\/#organization\",\"name\":\"UD\u011aL\u00c1M TI TO\",\"url\":\"https:\\\/\\\/udelamtito.com\\\/\",\"logo\":{\"@type\":\"ImageObject\",\"inLanguage\":\"cs\",\"@id\":\"https:\\\/\\\/udelamtito.com\\\/#\\\/schema\\\/logo\\\/image\\\/\",\"url\":\"https:\\\/\\\/udelamtito.com\\\/wp-content\\\/uploads\\\/2025\\\/08\\\/udelam-ti-to-logo-obdelnik-1.svg\",\"contentUrl\":\"https:\\\/\\\/udelamtito.com\\\/wp-content\\\/uploads\\\/2025\\\/08\\\/udelam-ti-to-logo-obdelnik-1.svg\",\"width\":1920,\"height\":1080,\"caption\":\"UD\u011aL\u00c1M TI TO\"},\"image\":{\"@id\":\"https:\\\/\\\/udelamtito.com\\\/#\\\/schema\\\/logo\\\/image\\\/\"},\"sameAs\":[\"https:\\\/\\\/www.facebook.com\\\/rekonstrukceodadoz?locale=cs_CZ\",\"https:\\\/\\\/www.instagram.com\\\/udelamtito\\\/\",\"https:\\\/\\\/www.nejremeslnici.cz\\\/profil\\\/343987-jan-lanyi\",\"https:\\\/\\\/www.tiktok.com\\\/@udelam_ti_to\"]}]}<\/script>\n<!-- \/ Yoast SEO plugin. -->","yoast_head_json":{"title":"UTT - UD\u011aL\u00c1M TI TO","robots":{"index":"index","follow":"follow","max-snippet":"max-snippet:-1","max-image-preview":"max-image-preview:large","max-video-preview":"max-video-preview:-1"},"canonical":"https:\/\/udelamtito.com\/","og_locale":"cs_CZ","og_type":"article","og_title":"UTT - UD\u011aL\u00c1M TI TO","og_description":"UD\u011aL\u00c1M TI TO \u00a0&#8211; ,,Stav\u00edme Va\u0161e sny&#8220; &#8211; \u00a0 \u00a0 \u00a0 \u00a0 \u00a0 Rekonstrukce\u00a0 \u00a0 \u00a0Novostavby\u00a0 \u00a0 \u00a0 \u00a0 Poradenstv\u00ed\u00a0 \u00a0 \u00a0 \u00a0 Konzultace\u00a0 \u00a0 \u00a0 Spolupr\u00e1ce Soci\u00e1ln\u00ed s\u00edt\u011b Facebook Instagram Tiktok Star Hammer ,,Jsme rodinn\u00e1 stavebn\u00ed firma, kter\u00e1 stav\u00ed na d\u016fv\u011b\u0159e a profesionalit\u011b. Na\u0161i z\u00e1kazn\u00edci si u n\u00e1s cen\u00ed nejen kvalitn\u00ed pr\u00e1ce, ale i [&hellip;]","og_url":"https:\/\/udelamtito.com\/","og_site_name":"UD\u011aL\u00c1M TI TO","article_publisher":"https:\/\/www.facebook.com\/rekonstrukceodadoz?locale=cs_CZ","article_modified_time":"2025-08-29T15:11:24+00:00","twitter_card":"summary_large_image","twitter_misc":{"Odhadovan\u00e1 doba \u010dten\u00ed":"2 minuty"},"schema":{"@context":"https:\/\/schema.org","@graph":[{"@type":"WebPage","@id":"https:\/\/udelamtito.com\/","url":"https:\/\/udelamtito.com\/","name":"UTT - UD\u011aL\u00c1M TI TO","isPartOf":{"@id":"https:\/\/udelamtito.com\/#website"},"datePublished":"2019-04-07T10:59:41+00:00","dateModified":"2025-08-29T15:11:24+00:00","breadcrumb":{"@id":"https:\/\/udelamtito.com\/#breadcrumb"},"inLanguage":"cs","potentialAction":[{"@type":"ReadAction","target":["https:\/\/udelamtito.com\/"]}]},{"@type":"BreadcrumbList","@id":"https:\/\/udelamtito.com\/#breadcrumb","itemListElement":[{"@type":"ListItem","position":1,"name":"Dom\u016f","item":"https:\/\/udelamtito.com\/"},{"@type":"ListItem","position":2,"name":"UTT"}]},{"@type":"WebSite","@id":"https:\/\/udelamtito.com\/#website","url":"https:\/\/udelamtito.com\/","name":"UD\u011aL\u00c1M TI TO","description":"Stavebn\u00ed pr\u00e1ce","publisher":{"@id":"https:\/\/udelamtito.com\/#organization"},"potentialAction":[{"@type":"SearchAction","target":{"@type":"EntryPoint","urlTemplate":"https:\/\/udelamtito.com\/?s={search_term_string}"},"query-input":{"@type":"PropertyValueSpecification","valueRequired":true,"valueName":"search_term_string"}}],"inLanguage":"cs"},{"@type":"Organization","@id":"https:\/\/udelamtito.com\/#organization","name":"UD\u011aL\u00c1M TI TO","url":"https:\/\/udelamtito.com\/","logo":{"@type":"ImageObject","inLanguage":"cs","@id":"https:\/\/udelamtito.com\/#\/schema\/logo\/image\/","url":"https:\/\/udelamtito.com\/wp-content\/uploads\/2025\/08\/udelam-ti-to-logo-obdelnik-1.svg","contentUrl":"https:\/\/udelamtito.com\/wp-content\/uploads\/2025\/08\/udelam-ti-to-logo-obdelnik-1.svg","width":1920,"height":1080,"caption":"UD\u011aL\u00c1M TI TO"},"image":{"@id":"https:\/\/udelamtito.com\/#\/schema\/logo\/image\/"},"sameAs":["https:\/\/www.facebook.com\/rekonstrukceodadoz?locale=cs_CZ","https:\/\/www.instagram.com\/udelamtito\/","https:\/\/www.nejremeslnici.cz\/profil\/343987-jan-lanyi","https:\/\/www.tiktok.com\/@udelam_ti_to"]}]}},"uagb_featured_image_src":{"full":false,"thumbnail":false,"medium":false,"medium_large":false,"large":false,"1536x1536":false,"2048x2048":false},"uagb_author_info":{"display_name":"admin","author_link":"https:\/\/udelamtito.com\/index.php\/author\/wp_admin\/"},"uagb_comment_info":0,"uagb_excerpt":"UD\u011aL\u00c1M TI TO \u00a0&#8211; ,,Stav\u00edme Va\u0161e sny&#8220; &#8211; \u00a0 \u00a0 \u00a0 \u00a0 \u00a0 Rekonstrukce\u00a0 \u00a0 \u00a0Novostavby\u00a0 \u00a0 \u00a0 \u00a0 Poradenstv\u00ed\u00a0 \u00a0 \u00a0 \u00a0 Konzultace\u00a0 \u00a0 \u00a0 Spolupr\u00e1ce Soci\u00e1ln\u00ed s\u00edt\u011b Facebook Instagram Tiktok Star Hammer ,,Jsme rodinn\u00e1 stavebn\u00ed firma, kter\u00e1 stav\u00ed na d\u016fv\u011b\u0159e a profesionalit\u011b. Na\u0161i z\u00e1kazn\u00edci si u n\u00e1s cen\u00ed nejen kvalitn\u00ed pr\u00e1ce, ale i&hellip;","jetpack_sharing_enabled":true,"_links":{"self":[{"href":"https:\/\/udelamtito.com\/index.php\/wp-json\/wp\/v2\/pages\/5","targetHints":{"allow":["GET"]}}],"collection":[{"href":"https:\/\/udelamtito.com\/index.php\/wp-json\/wp\/v2\/pages"}],"about":[{"href":"https:\/\/udelamtito.com\/index.php\/wp-json\/wp\/v2\/types\/page"}],"author":[{"embeddable":true,"href":"https:\/\/udelamtito.com\/index.php\/wp-json\/wp\/v2\/users\/1"}],"replies":[{"embeddable":true,"href":"https:\/\/udelamtito.com\/index.php\/wp-json\/wp\/v2\/comments?post=5"}],"version-history":[{"count":70,"href":"https:\/\/udelamtito.com\/index.php\/wp-json\/wp\/v2\/pages\/5\/revisions"}],"predecessor-version":[{"id":751,"href":"https:\/\/udelamtito.com\/index.php\/wp-json\/wp\/v2\/pages\/5\/revisions\/751"}],"wp:attachment":[{"href":"https:\/\/udelamtito.com\/index.php\/wp-json\/wp\/v2\/media?parent=5"}],"curies":[{"name":"wp","href":"https:\/\/api.w.org\/{rel}","templated":true}]}}